{"id":1761,"date":"2018-09-18T10:52:04","date_gmt":"2018-09-18T08:52:04","guid":{"rendered":"http:\/\/textopol2.u-pec.fr\/?page_id=1761"},"modified":"2018-09-18T10:52:04","modified_gmt":"2018-09-18T08:52:04","slug":"textopol","status":"publish","type":"page","link":"http:\/\/textopol.u-pec.fr\/","title":{"rendered":"Textopol"},"content":{"rendered":"<h1><strong>BASE TEXTUELLE ET OUTILS INFORMATIS\u00c9S POUR L\u2019ANALYSE DES DISCOURS SOCIOPOLITIQUES<\/strong><\/h1>\n<p>Textopol est un dispositif de recherche et de formation en lexicom\u00e9trie pour le traitement automatis\u00e9 des discours politiques. Il associe des instruments linguistiques et statistiques et des corpus textuels sociopolitiques. Il permet :<\/p>\n<ul>\n<li>\n<p align=\"justify\">de prendre en main et de comparer divers logiciels et leurs propri\u00e9t\u00e9s,<\/p>\n<\/li>\n<li>\n<p align=\"justify\">de mener des analyses exp\u00e9rimentales sur des donn\u00e9es \u00e0 caract\u00e8re politique, m\u00e9diatique, institutionnel, sociolinguistique, voire litt\u00e9raire,<\/p>\n<\/li>\n<li>\n<p align=\"justify\">de r\u00e9aliser des recherches et des exp\u00e9rimentations discursives, \u00e9nonciatives, lexicales, syntaxiques, s\u00e9mantiques, dans des perspectives typologiques, argumentatives, communicationnelles, historiques, sociolinguistiques, rh\u00e9toriques, stylistiques, terminologiques, th\u00e9matiques.<\/p>\n<\/li>\n<\/ul>\n<p>Le chantier Textopol du C\u00e9ditec d\u00e9veloppe en outre\u00a0<a title=\"TextObserver\" href=\"http:\/\/textopol2.u-pec.fr\/textobserver\/\" target=\"_blank\">TextObserver<\/a>, outil de d&rsquo;observation et d&rsquo;exploitation des donn\u00e9es textuelles multidimensionnelles<\/p>\n<p align=\"justify\">Le dispositif donne acc\u00e8s :<\/p>\n<div align=\"justify\">\n<ul>\n<li>\u00e0 la base de corpus textuels sociopolitiques <a title=\"Base Textopol\" href=\"http:\/\/textopol2.u-pec.fr\/base\/consulte_base.php\">Textopol<\/a>,<\/li>\n<\/ul>\n<ul>\n<li>\n<p align=\"justify\">au descriptif comparatif des <a title=\"Les outils\" href=\"http:\/\/textopol2.u-pec.fr\/?cat=22\">outils<\/a> statistiques ainsi qu\u2019aux liens vers ces instruments et leur documentation,<\/p>\n<\/li>\n<li>\n<p align=\"justify\">\u00e0 un p\u00f4le d\u2019<a title=\"Enseignement\" href=\"http:\/\/textopol2.u-pec.fr\/?cat=48\">enseignement<\/a> proposant un cours et des exercices de lexicom\u00e9trie-textom\u00e9trie,<\/p>\n<\/li>\n<li>\n<p align=\"justify\">aux <a title=\"Ressources\" href=\"http:\/\/textopol2.u-pec.fr\/?cat=46\">ressources<\/a> documentaires et aux liens sur les \u00e9quipes et les recherches du domaine,<\/p>\n<\/li>\n<li>\u00e0 une <a title=\"Archives\" href=\"http:\/\/textopol2.u-pec.fr\/?cat=44\">archive<\/a> ouverte,<\/li>\n<li>\u00e0 un <a href=\"http:\/\/textopol.org\/phpBB2\/index.php\" target=\"_blank\">forum<\/a> de discussion,<\/li>\n<li>\u00e0 un <a href=\"http:\/\/textopol.org\/dotclear\/\" target=\"_blank\">blog<\/a> sur les voeux et le rituel politique.<\/li>\n<\/ul>\n<\/div>\n","protected":false},"excerpt":{"rendered":"<p>BASE TEXTUELLE ET OUTILS INFORMATIS\u00c9S POUR L\u2019ANALYSE DES DISCOURS SOCIOPOLITIQUES Textopol est un dispositif de recherche et de formation en lexicom\u00e9trie pour le traitement automatis\u00e9 des discours politiques. Il associe des instruments linguistiques et statistiques et des corpus textuels sociopolitiques. Il permet : de prendre en main et de comparer divers logiciels et leurs propri\u00e9t\u00e9s, &hellip; <\/p>\n<p class=\"link-more\"><a href=\"http:\/\/textopol.u-pec.fr\/\" class=\"more-link\">Continuer la lecture <span class=\"screen-reader-text\"> \u00ab\u00a0Textopol\u00a0\u00bb<\/span><\/a><\/p>\n","protected":false},"author":1,"featured_media":0,"parent":0,"menu_order":0,"comment_status":"closed","ping_status":"closed","template":"","meta":[],"_links":{"self":[{"href":"http:\/\/textopol.u-pec.fr\/index.php\/wp-json\/wp\/v2\/pages\/1761"}],"collection":[{"href":"http:\/\/textopol.u-pec.fr\/index.php\/wp-json\/wp\/v2\/pages"}],"about":[{"href":"http:\/\/textopol.u-pec.fr\/index.php\/wp-json\/wp\/v2\/types\/page"}],"author":[{"embeddable":true,"href":"http:\/\/textopol.u-pec.fr\/index.php\/wp-json\/wp\/v2\/users\/1"}],"replies":[{"embeddable":true,"href":"http:\/\/textopol.u-pec.fr\/index.php\/wp-json\/wp\/v2\/comments?post=1761"}],"version-history":[{"count":1,"href":"http:\/\/textopol.u-pec.fr\/index.php\/wp-json\/wp\/v2\/pages\/1761\/revisions"}],"predecessor-version":[{"id":1762,"href":"http:\/\/textopol.u-pec.fr\/index.php\/wp-json\/wp\/v2\/pages\/1761\/revisions\/1762"}],"wp:attachment":[{"href":"http:\/\/textopol.u-pec.fr\/index.php\/wp-json\/wp\/v2\/media?parent=1761"}],"curies":[{"name":"wp","href":"https:\/\/api.w.org\/{rel}","templated":true}]}}