{"id":7,"date":"2015-06-01T13:50:24","date_gmt":"2015-06-01T12:50:24","guid":{"rendered":"http:\/\/textopol2.u-pec.fr\/anr-appel\/?page_id=7"},"modified":"2015-09-12T16:58:26","modified_gmt":"2015-09-12T15:58:26","slug":"anr-appel","status":"publish","type":"page","link":"http:\/\/textopol.u-pec.fr\/anr-appel\/","title":{"rendered":"ANR APPEL"},"content":{"rendered":"<p>Ce projet ANR APPEL (Analyse Pluridisciplinaire du P\u00e9titionnement En Ligne &#8211; Pluridisciplinary Analysis of On Line Petitioning) vise \u00e0 faire de l\u2019\u00e9tude de l&rsquo;e-p\u00e9titionnement l\u2019occasion d\u2019un questionnement \u00e0 trois dimensions, qui correspondent chacune \u00e0 une entr\u00e9e disciplinaire : sociologique et politologique ; juridique ; et m\u00e9thodologico-linguistique.<\/p>\n<p>Il s\u2019agit tout \u00e0 la fois de mieux conna\u00eetre ce que les nouvelles technologies font \u00e0 la participation politique, de faire avancer la r\u00e9flexion sur l\u2019encadrement et les potentialit\u00e9s juridiques de ces nouvelles pratiques et de contribuer au d\u00e9veloppement d\u2019outils informatiques qui permettent de faire face \u00e0 l\u2019abondance de donn\u00e9es informatis\u00e9es.<\/p>\n<p><strong>Responsables scientifiques :<\/strong> Jean-Gabriel Contamin (CERAPS\/Universit\u00e9 Lille 2-coordinateur scientifique), Olivier Paye (CReSPO\/Universit\u00e9 Saint-Louis-Bruxelles, co-porteur), Jean-Marc Leblanc (CEDITEC\/UPEC, co-porteur)<\/p>\n<p><strong>Dur\u00e9e :<\/strong> 2015-2018<\/p>\n<p><strong>Programme ANR :<\/strong> <a href=\"http:\/\/www.agence-nationale-recherche.fr\/projets-finances\/?tx_lwmsuivibilan_pi1[Programme]=2120140805\">Droit, d\u00e9mocratie, gouvernance et nouveaux r\u00e9f\u00e9rentiels (DS0805) 2014<\/a><\/p>\n<p><strong>R\u00e9f\u00e9rence du projet :<\/strong> ANR-14-CE29-0010<\/p>\n","protected":false},"excerpt":{"rendered":"<p>Ce projet ANR APPEL (Analyse Pluridisciplinaire du P\u00e9titionnement En Ligne &#8211; Pluridisciplinary Analysis of On Line Petitioning) vise \u00e0 faire de l\u2019\u00e9tude de l&rsquo;e-p\u00e9titionnement l\u2019occasion d\u2019un questionnement \u00e0 trois dimensions, qui correspondent chacune \u00e0 une entr\u00e9e disciplinaire : sociologique et &hellip; <a href=\"http:\/\/textopol.u-pec.fr\/anr-appel\/\">Continuer la lecture <span class=\"meta-nav\">&rarr;<\/span><\/a><\/p>\n","protected":false},"author":1,"featured_media":0,"parent":0,"menu_order":0,"comment_status":"open","ping_status":"open","template":"","meta":[],"_links":{"self":[{"href":"http:\/\/textopol.u-pec.fr\/anr-appel\/index.php\/wp-json\/wp\/v2\/pages\/7"}],"collection":[{"href":"http:\/\/textopol.u-pec.fr\/anr-appel\/index.php\/wp-json\/wp\/v2\/pages"}],"about":[{"href":"http:\/\/textopol.u-pec.fr\/anr-appel\/index.php\/wp-json\/wp\/v2\/types\/page"}],"author":[{"embeddable":true,"href":"http:\/\/textopol.u-pec.fr\/anr-appel\/index.php\/wp-json\/wp\/v2\/users\/1"}],"replies":[{"embeddable":true,"href":"http:\/\/textopol.u-pec.fr\/anr-appel\/index.php\/wp-json\/wp\/v2\/comments?post=7"}],"version-history":[{"count":2,"href":"http:\/\/textopol.u-pec.fr\/anr-appel\/index.php\/wp-json\/wp\/v2\/pages\/7\/revisions"}],"predecessor-version":[{"id":137,"href":"http:\/\/textopol.u-pec.fr\/anr-appel\/index.php\/wp-json\/wp\/v2\/pages\/7\/revisions\/137"}],"wp:attachment":[{"href":"http:\/\/textopol.u-pec.fr\/anr-appel\/index.php\/wp-json\/wp\/v2\/media?parent=7"}],"curies":[{"name":"wp","href":"https:\/\/api.w.org\/{rel}","templated":true}]}}